{"id":487,"date":"2018-07-24T17:58:34","date_gmt":"2018-07-24T15:58:34","guid":{"rendered":"https:\/\/lizenzking.de\/staging\/blog\/de\/?page_id=487"},"modified":"2019-09-23T08:36:42","modified_gmt":"2019-09-23T06:36:42","slug":"impressum","status":"publish","type":"page","link":"https:\/\/lizenzking.de\/blog\/de\/impressum\/","title":{"rendered":"Impressum"},"content":{"rendered":"<p><strong>Gesetzliche Anbieterkennung:<\/strong><\/p>\n<p>BDG Handel GmbH<br \/>\nWiehbachtal 123<br \/>\n51381 Leverkusen<br \/>\nvertreten durch den Gesch\u00e4ftsf\u00fchrer Christian Di Geraci<br \/>\nTelefon: 021713779935<br \/>\nE-Mail: info@lizenzking.de<br \/>\nUSt-IdNr.: DE306794466<br \/>\neingetragen im Handelsregister des Amtsgerichtes K\u00f6ln<br \/>\nHandelsregisternummer HRB 88146<\/p>\n<p><strong>Inhaltlich Verantwortlicher gem\u00e4\u00df \u00a7 55 RStV:<\/strong><\/p>\n<p>Herr Christian Di Geraci<br \/>\nWiehbachtal 123<br \/>\n51381 Leverkusen<br \/>\nDeutschland<\/p>\n<p><strong>Alternative Streitbeilegung:<\/strong><br \/>\nDie Europ\u00e4ische Kommission stellt eine Plattform f\u00fcr die au\u00dfergerichtliche Online-Streitbeilegung (OS-Plattform) bereit, aufrufbar unter https:\/\/ec.europa.eu\/odr.<\/p>\n<p>Wir sind seit 22.07.2016 Mitglied der Initiative &#8222;FairCommerce&#8220;.<br \/>\nN\u00e4here Informationen hierzu finden Sie unter www.fair-commerce.de.<\/p>\n","protected":false},"excerpt":{"rendered":"<p>Gesetzliche Anbieterkennung: BDG Handel GmbH Wiehbachtal 123 51381 Leverkusen vertreten durch den Gesch\u00e4ftsf\u00fchrer Christian Di Geraci Telefon: 021713779935 E-Mail: info@lizenzking.de USt-IdNr.: DE306794466 eingetragen im Handelsregister des Amtsgerichtes K\u00f6ln Handelsregisternummer HRB 88146 Inhaltlich Verantwortlicher gem\u00e4\u00df \u00a7 55 RStV: Herr Christian Di Geraci Wiehbachtal 123 51381 Leverkusen Deutschland Alternative Streitbeilegung: Die Europ\u00e4ische Kommission stellt eine Plattform f\u00fcr [&hellip;]<\/p>\n","protected":false},"author":1,"featured_media":0,"parent":0,"menu_order":0,"comment_status":"closed","ping_status":"closed","template":"","meta":[],"_links":{"self":[{"href":"https:\/\/lizenzking.de\/blog\/de\/wp-json\/wp\/v2\/pages\/487"}],"collection":[{"href":"https:\/\/lizenzking.de\/blog\/de\/wp-json\/wp\/v2\/pages"}],"about":[{"href":"https:\/\/lizenzking.de\/blog\/de\/wp-json\/wp\/v2\/types\/page"}],"author":[{"embeddable":true,"href":"https:\/\/lizenzking.de\/blog\/de\/wp-json\/wp\/v2\/users\/1"}],"replies":[{"embeddable":true,"href":"https:\/\/lizenzking.de\/blog\/de\/wp-json\/wp\/v2\/comments?post=487"}],"version-history":[{"count":3,"href":"https:\/\/lizenzking.de\/blog\/de\/wp-json\/wp\/v2\/pages\/487\/revisions"}],"predecessor-version":[{"id":1326,"href":"https:\/\/lizenzking.de\/blog\/de\/wp-json\/wp\/v2\/pages\/487\/revisions\/1326"}],"wp:attachment":[{"href":"https:\/\/lizenzking.de\/blog\/de\/wp-json\/wp\/v2\/media?parent=487"}],"curies":[{"name":"wp","href":"https:\/\/api.w.org\/{rel}","templated":true}]}}